{"id":3003,"date":"2021-08-08T15:16:36","date_gmt":"2021-08-08T13:16:36","guid":{"rendered":"http:\/\/stage.rejtvenyujsag.hu\/?page_id=3003"},"modified":"2025-04-16T11:13:46","modified_gmt":"2025-04-16T09:13:46","slug":"aszf-es-adatkezelesi-szabalyzat-2","status":"publish","type":"page","link":"https:\/\/rejtvenyujsag.hu\/?page_id=3003","title":{"rendered":"ASZF \u00e9s ADATKEZEL\u00c9SI SZAB\u00c1LYZAT"},"content":{"rendered":"\t\t<div data-elementor-type=\"wp-page\" data-elementor-id=\"3003\" class=\"elementor elementor-3003\" data-elementor-settings=\"[]\">\n\t\t\t\t\t\t\t<div class=\"elementor-section-wrap\">\n\t\t\t\t\t\t\t<section class=\"elementor-section elementor-top-section elementor-element elementor-element-8ed97aa elementor-section-height-min-height elementor-section-items-top elementor-section-boxed elementor-section-height-default\" data-id=\"8ed97aa\" data-element_type=\"section\" data-settings=\"{&quot;background_background&quot;:&quot;classic&quot;,&quot;sticky&quot;:&quot;top&quot;,&quot;sticky_on&quot;:[&quot;desktop&quot;,&quot;tablet&quot;,&quot;mobile&quot;],&quot;sticky_offset&quot;:0,&quot;sticky_effects_offset&quot;:0}\">\n\t\t\t\t\t\t<div class=\"elementor-container elementor-column-gap-default\">\n\t\t\t\t\t<div class=\"elementor-column elementor-col-100 elementor-top-column elementor-element elementor-element-2e9b3294\" data-id=\"2e9b3294\" data-element_type=\"column\">\n\t\t\t<div class=\"elementor-widget-wrap elementor-element-populated\">\n\t\t\t\t\t\t\t\t<div class=\"elementor-element elementor-element-378e800 elementor-nav-menu__align-center elementor-nav-menu--dropdown-none elementor-widget elementor-widget-nav-menu\" data-id=\"378e800\" data-element_type=\"widget\" data-settings=\"{&quot;layout&quot;:&quot;horizontal&quot;,&quot;submenu_icon&quot;:{&quot;value&quot;:&quot;fas fa-caret-down&quot;,&quot;library&quot;:&quot;fa-solid&quot;}}\" data-widget_type=\"nav-menu.default\">\n\t\t\t\t<div class=\"elementor-widget-container\">\n\t\t\t\t\t\t<nav migration_allowed=\"1\" migrated=\"0\" role=\"navigation\" class=\"elementor-nav-menu--main elementor-nav-menu__container elementor-nav-menu--layout-horizontal e--pointer-text e--animation-none\"><ul id=\"menu-1-378e800\" class=\"elementor-nav-menu\"><li class=\"lapjaink-menu-item menu-item menu-item-type-custom menu-item-object-custom menu-item-has-children menu-item-904\"><a href=\"#\" class=\"elementor-item elementor-item-anchor\">Lapjaink<\/a>\n<ul class=\"sub-menu elementor-nav-menu--dropdown\">\n\t<li class=\"menu-item menu-item-type-custom menu-item-object-custom menu-item-2372\"><a href=\"#\" class=\"elementor-sub-item elementor-item-anchor\">submenu &#8211; ne t\u00f6r\u00f6ld!<\/a><\/li>\n<\/ul>\n<\/li>\n<li class=\"menu-item menu-item-type-custom menu-item-object-custom menu-item-34\"><a target=\"_blank\" rel=\"noopener\" href=\"https:\/\/www.kedvencwebaruhaz.hu\/\" class=\"elementor-item\">Web\u00e1ruh\u00e1z<\/a><\/li>\n<li class=\"menu-item menu-item-type-custom menu-item-object-custom menu-item-35\"><a target=\"_blank\" rel=\"noopener\" href=\"https:\/\/www.netrejtveny.hu\/\" class=\"elementor-item\">Netrejtv\u00e9ny<\/a><\/li>\n<li class=\"menu-item menu-item-type-post_type menu-item-object-page menu-item-2996\"><a href=\"https:\/\/rejtvenyujsag.hu\/?page_id=2946\" class=\"elementor-item\">Kapcsolat<\/a><\/li>\n<li class=\"menu-item menu-item-type-custom menu-item-object-custom menu-item-3585\"><a target=\"_blank\" rel=\"noopener\" href=\"https:\/\/www.kedvencwebaruhaz.hu\/index.php\/egyedi-rejtveny-keszites\" class=\"elementor-item\">Rejtv\u00e9nyk\u00e9sz\u00edt\u00e9s<\/a><\/li>\n<\/ul><\/nav>\n\t\t\t\t\t<div class=\"elementor-menu-toggle\" role=\"button\" tabindex=\"0\" aria-label=\"Menu Toggle\" aria-expanded=\"false\">\n\t\t\t<i class=\"eicon-menu-bar\" aria-hidden=\"true\" role=\"presentation\"><\/i>\n\t\t\t<span class=\"elementor-screen-only\">Menu<\/span>\n\t\t<\/div>\n\t\t\t<nav class=\"elementor-nav-menu--dropdown elementor-nav-menu__container\" role=\"navigation\" aria-hidden=\"true\"><ul id=\"menu-2-378e800\" class=\"elementor-nav-menu\"><li class=\"lapjaink-menu-item menu-item menu-item-type-custom menu-item-object-custom menu-item-has-children menu-item-904\"><a href=\"#\" class=\"elementor-item elementor-item-anchor\" tabindex=\"-1\">Lapjaink<\/a>\n<ul class=\"sub-menu elementor-nav-menu--dropdown\">\n\t<li class=\"menu-item menu-item-type-custom menu-item-object-custom menu-item-2372\"><a href=\"#\" class=\"elementor-sub-item elementor-item-anchor\" tabindex=\"-1\">submenu &#8211; ne t\u00f6r\u00f6ld!<\/a><\/li>\n<\/ul>\n<\/li>\n<li class=\"menu-item menu-item-type-custom menu-item-object-custom menu-item-34\"><a target=\"_blank\" rel=\"noopener\" href=\"https:\/\/www.kedvencwebaruhaz.hu\/\" class=\"elementor-item\" tabindex=\"-1\">Web\u00e1ruh\u00e1z<\/a><\/li>\n<li class=\"menu-item menu-item-type-custom menu-item-object-custom menu-item-35\"><a target=\"_blank\" rel=\"noopener\" href=\"https:\/\/www.netrejtveny.hu\/\" class=\"elementor-item\" tabindex=\"-1\">Netrejtv\u00e9ny<\/a><\/li>\n<li class=\"menu-item menu-item-type-post_type menu-item-object-page menu-item-2996\"><a href=\"https:\/\/rejtvenyujsag.hu\/?page_id=2946\" class=\"elementor-item\" tabindex=\"-1\">Kapcsolat<\/a><\/li>\n<li class=\"menu-item menu-item-type-custom menu-item-object-custom menu-item-3585\"><a target=\"_blank\" rel=\"noopener\" href=\"https:\/\/www.kedvencwebaruhaz.hu\/index.php\/egyedi-rejtveny-keszites\" class=\"elementor-item\" tabindex=\"-1\">Rejtv\u00e9nyk\u00e9sz\u00edt\u00e9s<\/a><\/li>\n<\/ul><\/nav>\n\t\t\t\t<\/div>\n\t\t\t\t<\/div>\n\t\t\t\t<div class=\"elementor-element elementor-element-aa77d53 elementor-widget elementor-widget-html\" data-id=\"aa77d53\" data-element_type=\"widget\" data-widget_type=\"html.default\">\n\t\t\t\t<div class=\"elementor-widget-container\">\n\t\t\t<a href=\"\/\">\n    <div style=\"display: block;position: absolute;width: 240px;height: 80px;top: -40px;left: 80px;cursor: pointer;\">\n        \n    <\/div>\n<\/a>\t\t<\/div>\n\t\t\t\t<\/div>\n\t\t\t\t<div class=\"elementor-element elementor-element-ec761d8 elementor-widget__width-initial elementor-absolute elementor-widget elementor-widget-html\" data-id=\"ec761d8\" data-element_type=\"widget\" data-settings=\"{&quot;_position&quot;:&quot;absolute&quot;}\" data-widget_type=\"html.default\">\n\t\t\t\t<div class=\"elementor-widget-container\">\n\t\t\t<script type='text\/javascript'>\n    <!--\/\/<![CDATA[\n    \/\/ a rekl\u00e1mot letiltjuk ha fut az elementor editor\n    if (!jQuery('body').hasClass(\"elementor-editor-active\")) {\n        var m3_u = (location.protocol=='https:'?'https:\/\/adserver.csosch.hu\/www\/delivery\/ajs.php':'http:\/\/adserver.csosch.hu\/www\/delivery\/ajs.php');\n        var m3_r = Math.floor(Math.random()*99999999999);\n        if (!document.MAX_used) document.MAX_used = ',';\n        document.write (\"<scr\"+\"ipt type='text\/javascript' src='\"+m3_u);\n        document.write (\"?zoneid=1\");\n        document.write ('&amp;cb=' + m3_r);\n        if (document.MAX_used != ',') document.write (\"&amp;exclude=\" + document.MAX_used);\n        document.write (document.charset ? '&amp;charset='+document.charset : (document.characterSet ? '&amp;charset='+document.characterSet : ''));\n        document.write (\"&amp;loc=\" + escape(window.location));\n        if (document.referrer) document.write (\"&amp;referer=\" + escape(document.referrer));\n        if (document.context) document.write (\"&context=\" + escape(document.context));\n        if (document.mmm_fo) document.write (\"&amp;mmm_fo=1\");\n        document.write (\"'><\\\/scr\"+\"ipt>\");\n    }\n    \/\/]]>-->\n<\/script>\n<noscript>\n    <a href='http:\/\/adserver.csosch.hu\/www\/delivery\/ck.php?n=a3461044&amp;cb=INSERT_RANDOM_NUMBER_HERE' target='_blank'><img src='http:\/\/adserver.csosch.hu\/www\/delivery\/avw.php?zoneid=1&amp;cb=INSERT_RANDOM_NUMBER_HERE&amp;n=a3461044' border='0' alt='' \/><\/a>\n<\/noscript>\n\t\t<\/div>\n\t\t\t\t<\/div>\n\t\t\t\t\t<\/div>\n\t\t<\/div>\n\t\t\t\t\t\t\t<\/div>\n\t\t<\/section>\n\t\t\t\t<section class=\"elementor-section elementor-top-section elementor-element elementor-element-2fb43e4d elementor-section-boxed elementor-section-height-default elementor-section-height-default\" data-id=\"2fb43e4d\" data-element_type=\"section\" data-settings=\"{&quot;background_background&quot;:&quot;classic&quot;}\">\n\t\t\t\t\t\t<div class=\"elementor-container elementor-column-gap-no\">\n\t\t\t\t\t<div class=\"elementor-column elementor-col-100 elementor-top-column elementor-element elementor-element-71e301f7\" data-id=\"71e301f7\" data-element_type=\"column\">\n\t\t\t<div class=\"elementor-widget-wrap elementor-element-populated\">\n\t\t\t\t\t\t\t\t<section class=\"elementor-section elementor-inner-section elementor-element elementor-element-147d697a elementor-section-height-min-height elementor-section-boxed elementor-section-height-default\" data-id=\"147d697a\" data-element_type=\"section\" data-settings=\"{&quot;background_background&quot;:&quot;classic&quot;}\">\n\t\t\t\t\t\t\t<div class=\"elementor-background-overlay\"><\/div>\n\t\t\t\t\t\t\t<div class=\"elementor-container elementor-column-gap-default\">\n\t\t\t\t\t<div class=\"elementor-column elementor-col-100 elementor-inner-column elementor-element elementor-element-537b3169\" data-id=\"537b3169\" data-element_type=\"column\">\n\t\t\t<div class=\"elementor-widget-wrap elementor-element-populated\">\n\t\t\t\t\t\t\t\t<div class=\"elementor-element elementor-element-354796b elementor-widget elementor-widget-heading\" data-id=\"354796b\" data-element_type=\"widget\" data-widget_type=\"heading.default\">\n\t\t\t\t<div class=\"elementor-widget-container\">\n\t\t\t<h1 class=\"elementor-heading-title elementor-size-default\">ASZF \u00e9s adatkezel\u00e9si szab\u00e1lyzat<\/h1>\t\t<\/div>\n\t\t\t\t<\/div>\n\t\t\t\t<div class=\"elementor-element elementor-element-915af8d elementor-widget elementor-widget-heading\" data-id=\"915af8d\" data-element_type=\"widget\" data-widget_type=\"heading.default\">\n\t\t\t\t<div class=\"elementor-widget-container\">\n\t\t\t<h4 class=\"elementor-heading-title elementor-size-default\">I. A www.rejtvenyujsag.hu online rejtv\u00e9nyfejt\u0151 port\u00e1l \u00fczemeltet\u0151j\u00e9nek\n(tov\u00e1bbiakban \u00dcZEMELTET\u0150) adatai<\/h4>\t\t<\/div>\n\t\t\t\t<\/div>\n\t\t\t\t<div class=\"elementor-element elementor-element-ca23c3a elementor-widget elementor-widget-text-editor\" data-id=\"ca23c3a\" data-element_type=\"widget\" data-widget_type=\"text-editor.default\">\n\t\t\t\t<div class=\"elementor-widget-container\">\n\t\t\t\t\t\t\t<p>C\u00e9gn\u00e9v: CsoSch Kft. \u2013 Csosch Lapszerkeszt\u0151 \u00e9s Rejtv\u00e9nyk\u00e9sz\u00edt\u0151 Korl\u00e1tolt Felel\u0151ss\u00e9g\u0171 T\u00e1rsas\u00e1g<\/p><p>Sz\u00e9khely: 8000 Sz\u00e9kesfeh\u00e9rv\u00e1r, Erzs\u00e9bet u 34.<\/p><p>Ad\u00f3sz\u00e1m: 26088701-2-07<\/p><p>C\u00e9gjegyz\u00e9ksz\u00e1m: 0709028120<\/p><p>C\u00e9gnyilv\u00e1ntart\u00e1sba vev\u0151 c\u00e9gb\u00edr\u00f3s\u00e1g: Sz\u00e9kesfeh\u00e9rv\u00e1ri T\u00f6rv\u00e9nysz\u00e9k C\u00e9gb\u00edr\u00f3s\u00e1ga<\/p><p>Eur\u00f3pai Egyedi Azonos\u00edt\u00f3: HUOCCSZ.07-09-028120<\/p><p>Adatkezel\u00e9si nyilv\u00e1ntart\u00e1si sz\u00e1m: NAIH-84577\/2015<\/p><p>Szerz\u0151d\u00e9s nyelve: magyar<\/p><p>El\u00e9rhet\u0151s\u00e9g: csosch@csosch.hu<\/p><p>Telefon: +36 (22) 200-181<\/p>\t\t\t\t\t\t<\/div>\n\t\t\t\t<\/div>\n\t\t\t\t<div class=\"elementor-element elementor-element-b28e74f elementor-widget elementor-widget-heading\" data-id=\"b28e74f\" data-element_type=\"widget\" data-widget_type=\"heading.default\">\n\t\t\t\t<div class=\"elementor-widget-container\">\n\t\t\t<h4 class=\"elementor-heading-title elementor-size-default\">II. \u00c1ltal\u00e1nos Szerz\u0151d\u00e9si \u00e9s Felhaszn\u00e1l\u00e1si felt\u00e9telek<\/h4>\t\t<\/div>\n\t\t\t\t<\/div>\n\t\t\t\t<div class=\"elementor-element elementor-element-2e70ce1 elementor-widget elementor-widget-text-editor\" data-id=\"2e70ce1\" data-element_type=\"widget\" data-widget_type=\"text-editor.default\">\n\t\t\t\t<div class=\"elementor-widget-container\">\n\t\t\t\t\t\t\t<p>A rejtvenyujsag.hu oldal b\u00f6ng\u00e9sz\u00e9s\u00e9vel \u00e9s haszn\u00e1lat\u00e1val \u00d6n kijelenti, hogy elolvasta, meg\u00e9rtette \u00e9s elfogadta a www.rejtvenyujsag.hu haszn\u00e1lat\u00e1ra \u00e9s szolg\u00e1ltat\u00e1saira vonatkoz\u00f3 szerz\u0151d\u00e9si felt\u00e9teleket, adatkezel\u00e9si elveket \u00e9s annak minden pontj\u00e1val egyet\u00e9rt! Egyet nem \u00e9rt\u00e9s eset\u00e9n a rendszert nem haszn\u00e1lhatja!<\/p><p><br><\/p>\n<p>Felh\u00edvjuk figyelm\u00e9t, hogy egy j\u00e1t\u00e9kos csak egy n\u00e9vvel, lakc\u00edmmel \u00e9s e-mail c\u00edmmel; csak egyszer vehet r\u00e9szt az adott \u00fajs\u00e1g j\u00e1t\u00e9kban. K\u00e9rj\u00fck, tart\u00f3zkodjon a t\u00f6bbsz\u00f6ri p\u00e1ly\u00e1zatbek\u00fcld\u00e9st\u0151l! Ellenkez\u0151 esetben elfogadja, hogy a Szervez\u0151 valamennyi jelentkez\u00e9s\u00e9t kiz\u00e1rhatja a sorsol\u00e1sb\u00f3l.<\/p>\n<p><br><\/p><p>Az \u00dczemeltet\u0151 nem garant\u00e1lja a szabadon el\u00e9rhet\u0151, vagy regisztr\u00e1ci\u00f3hoz k\u00f6t\u00f6tt tartalmak szolg\u00e1ltat\u00e1s\u00e1t, \u00edgy a regisztr\u00e1ci\u00f3, vagy h\u00edrlev\u00e9lre feliratkoz\u00e1s nem min\u0151s\u00fcl elektronikus \u00faton k\u00f6t\u00f6tt szerz\u0151d\u00e9snek, \u00e9s \u00edr\u00e1sbeli szerz\u0151d\u00e9snek sem. Az oldal egyes egyedileg hozz\u00e1f\u00e9rhet\u0151, ellenszolg\u00e1ltat\u00e1shoz k\u00f6t\u00f6tt, el\u0151fizet\u00e9ses \u00e9s\/vagy szerz\u0151d\u00e9sen alapul\u00f3 szolg\u00e1ltat\u00e1sair\u00f3l \u00fczemeltet\u0151 k\u00fcl\u00f6n szerz\u0151d\u00e9st k\u00f6t a felhaszn\u00e1l\u00f3kkal.<\/p>\n<p><br><\/p><p>A honlap m\u0171k\u00f6d\u00e9s\u00e9vel, megrendel\u00e9si \u00e9s sz\u00e1ll\u00edt\u00e1si folyamat\u00e1val kapcsolatosan felmer\u00fcl\u0151 k\u00e9rd\u00e9sek eset\u00e9n a megadott el\u00e9rhet\u0151s\u00e9geinken rendelkez\u00e9s\u00e9re \u00e1llunk.<\/p>\t\t\t\t\t\t<\/div>\n\t\t\t\t<\/div>\n\t\t\t\t<div class=\"elementor-element elementor-element-1abaea1 elementor-widget elementor-widget-heading\" data-id=\"1abaea1\" data-element_type=\"widget\" data-widget_type=\"heading.default\">\n\t\t\t\t<div class=\"elementor-widget-container\">\n\t\t\t<h4 class=\"elementor-heading-title elementor-size-default\">III. Adatkezel\u00e9s<\/h4>\t\t<\/div>\n\t\t\t\t<\/div>\n\t\t\t\t<div class=\"elementor-element elementor-element-38d1275 elementor-widget elementor-widget-text-editor\" data-id=\"38d1275\" data-element_type=\"widget\" data-widget_type=\"text-editor.default\">\n\t\t\t\t<div class=\"elementor-widget-container\">\n\t\t\t\t\t\t\t<p>A web\u00e1ruh\u00e1z haszn\u00e1lata sor\u00e1n rendelkez\u00e9s\u00e9re bocs\u00e1tott szem\u00e9lyes adatait bizalmasan kezelj\u00fck, harmadik f\u00e9l r\u00e9sz\u00e9re nem adjuk \u00e1t. Ez al\u00f3l kiv\u00e9telt jelentenek az alv\u00e1llalkoz\u00f3nak sz\u00fcks\u00e9gesen megadott adatok, melyek n\u00e9lk\u00fcl a rendel\u00e9s teljes\u00edt\u00e9se nem kivitelezhet\u0151, p\u00e9ld\u00e1ul a fut\u00e1rszolg\u00e1latnak \u00e1tadott kisz\u00e1ll\u00edt\u00e1shoz sz\u00fcks\u00e9ges inform\u00e1ci\u00f3k, vagy a Magyar Post\u00e1nak az el\u0151fizet\u00e9s k\u00e9zbes\u00edt\u00e9s\u00e9hez elengedhetetlen\u00fcl sz\u00fcks\u00e9ges adatok \u00e1tad\u00e1sa.<\/p><p>A honlap b\u00f6ng\u00e9sz\u00e9se sor\u00e1n technikai inform\u00e1ci\u00f3k ker\u00fclnek r\u00f6gz\u00edt\u00e9sre (p\u00e9ld\u00e1ul log f\u00e1jlok form\u00e1j\u00e1ban, melyek tartalmazz\u00e1k a felhaszn\u00e1l\u00f3 IP c\u00edm\u00e9t, az id\u0151pontot, a megl\u00e1togatott oldal URL-j\u00e9t), mely szem\u00e9lyes azonos\u00edt\u00e1sra nem haszn\u00e1lhat\u00f3, de statisztikai c\u00e9lokat szolg\u00e1l. A rendszer adatokat t\u00e1rol a felhaszn\u00e1l\u00f3 sz\u00e1m\u00edt\u00f3g\u00e9p\u00e9n is \u00fagynevezett s\u00fctik form\u00e1j\u00e1ban (cookie). A s\u00fctik a felhaszn\u00e1l\u00f3 szem\u00e9ly\u00e9nek azonos\u00edt\u00e1s\u00e1ra nem alkalmasak, \u00e9s csak a munkamenet idej\u00e9n \u00e9lnek.<\/p><p>A web\u00e1ruh\u00e1z rendszer haszn\u00e1lat\u00e1hoz a b\u00f6ng\u00e9sz\u0151j\u00e9ben a cookie-k haszn\u00e1lat\u00e1t enged\u00e9lyezheti, vagy tilthatja. Enged\u00e9lyez\u00e9s n\u00e9lk\u00fcl bizonyos funkci\u00f3k m\u0171k\u00f6d\u00e9sk\u00e9ptelenek lehetnek.<\/p><p>Az ellenszolg\u00e1ltat\u00e1s\u00e9rt ny\u00fajtott tartalmak megrendel\u00e9se eset\u00e9n a term\u00e9k\/szolg\u00e1ltat\u00e1s \u00e9rt\u00e9kes\u00edt\u00e9sr\u0151l sz\u00e1mla k\u00e9sz\u00fcl, mely a hat\u00e1lyos jogszab\u00e1lyokban el\u0151\u00edrt m\u00f3don \u00e9s ideig (8 \u00e9v) t\u00e1rol\u00e1sra ker\u00fcl.<\/p><p>V\u00e1s\u00e1rl\u00e1s, p\u00e1ly\u00e1zat bek\u00fcld\u00e9s eset\u00e9n az \u00c1ltal\u00e1nos Szerz\u0151d\u00e9si Felt\u00e9telek elfogad\u00e1s\u00e1val automatikusan adatb\u00e1zisunkba ker\u00fcl. Adatainak t\u00f6rl\u00e9s\u00e9t a rendszerb\u0151l, m\u00f3dos\u00edt\u00e1s\u00e1t b\u00e1rmikor k\u00e9rheti \u00edr\u00e1sban, de ett\u0151l f\u00fcggetlen m\u00f3don t\u00f6r\u00f6lheti mag\u00e1t az esetlegesen h\u00edrlev\u00e9lre feliratkozottak list\u00e1j\u00e1r\u00f3l, an\u00e9lk\u00fcl hogy regisztr\u00e1ci\u00f3ja t\u00f6rl\u00e9sre ker\u00fclne. A h\u00edrlev\u00e9lr\u0151l leiratkozni lev\u00e9lben, e-mailben, vagy a h\u00edrlevelek alj\u00e1n tal\u00e1lhat\u00f3 \u201eLeiratkoz\u00e1s\u201d link seg\u00edts\u00e9g\u00e9vel \u00e1ll m\u00f3dj\u00e1ban.<\/p><p>Adatkezel\u00e9si nyilv\u00e1ntart\u00e1si sz\u00e1m: NAIH-84577\/2015<\/p>\t\t\t\t\t\t<\/div>\n\t\t\t\t<\/div>\n\t\t\t\t<div class=\"elementor-element elementor-element-a8355a9 elementor-widget elementor-widget-heading\" data-id=\"a8355a9\" data-element_type=\"widget\" data-widget_type=\"heading.default\">\n\t\t\t\t<div class=\"elementor-widget-container\">\n\t\t\t<h4 class=\"elementor-heading-title elementor-size-default\">IV. Egy\u00e9b rendelkez\u00e9sek, inform\u00e1ci\u00f3k<\/h4>\t\t<\/div>\n\t\t\t\t<\/div>\n\t\t\t\t<div class=\"elementor-element elementor-element-4af0fca elementor-widget elementor-widget-text-editor\" data-id=\"4af0fca\" data-element_type=\"widget\" data-widget_type=\"text-editor.default\">\n\t\t\t\t<div class=\"elementor-widget-container\">\n\t\t\t\t\t\t\t<p>A jelen \u00e1ltal\u00e1nos szerz\u0151d\u00e9si felt\u00e9telekben nem szab\u00e1lyozott k\u00e9rd\u00e9sekben a polg\u00e1ri t\u00f6rv\u00e9nyk\u00f6nyv, 45\/2014. (II. 26.) Korm. rendelet, \u00e9s az elektronikus kereskedelmi szolg\u00e1ltat\u00e1sok, valamint az inform\u00e1ci\u00f3s t\u00e1rsadalommal \u00f6sszef\u00fcgg\u0151 szolg\u00e1ltat\u00e1sok egyes k\u00e9rd\u00e9seir\u0151l sz\u00f3l\u00f3 2001. \u00e9vi CVIII. tv. rendelkez\u00e9sei az ir\u00e1nyad\u00f3k.<\/p>\n<p>A web\u00e1ruh\u00e1z oldalainak b\u00f6ng\u00e9sz\u00e9s\u00e9vel, tov\u00e1bb\u00e1 megrendel\u00e9s\u00e9nek r\u00f6gz\u00edt\u00e9s\u00e9vel elfogadja a CsoSch Kft. \u00e1ltal\u00e1nos szerz\u0151d\u00e9si felt\u00e9teleit, adatkezel\u00e9si nyilatkozat\u00e1t.<\/p>\n<p>T\u00e1rhelyszolg\u00e1ltat\u00f3: ITWOLF SYSTEMS KFT.<br>T\u00e1rhelyszolg\u00e1ltat\u00f3 e-mail c\u00edme: info (@) itwolf.hu<br>T\u00e1rhelyszolg\u00e1ltat\u00f3 sz\u00e9khelye: 8000 Sz\u00e9kesfeh\u00e9rv\u00e1r, Erzs\u00e9bet utca 34.<br>T\u00e1rhelyszolg\u00e1ltat\u00f3 telephelye: 1132 Budapest, Victor Hugo utca 11\/5.<br>Webmester: informatika (@) csosch.hu<\/p>\n<p>Jelen \u00c1ltal\u00e1nos Szerz\u0151d\u00e9si Felt\u00e9telek hat\u00e1lyba l\u00e9p\u00e9s\u00e9nek ideje: 2023. 09. 01. 00.00 perc<\/p>\n<p>Szeretn\u00e9nk k\u00f6sz\u00f6netet mondani a Fej\u00e9r Megyei Korm\u00e1nyhivatal Sz\u00e9kesfeh\u00e9rv\u00e1ri J\u00e1r\u00e1si Hivatala Fogyaszt\u00f3v\u00e9delmi Oszt\u00e1ly\u00e1nak, hogy seg\u00edt\u0151k\u00e9sz, pontos \u00e9s szakszer\u0171 ir\u00e1nymutat\u00e1st adtak weboldalunk jogszer\u0171 m\u0171k\u00f6d\u00e9s\u00e9hez. K\u00e9rj\u00fck ha \u00d6n hib\u00e1t tal\u00e1l rendszer\u00fcnkben, vagy m\u0171k\u00f6d\u00e9s\u00fcnkben, azt jelezze fel\u00e9nk, mert mi val\u00f3ban \u00f6r\u00fcl\u00fcnk, ha tanulhatunk saj\u00e1t hib\u00e1inkb\u00f3l.<\/p>\t\t\t\t\t\t<\/div>\n\t\t\t\t<\/div>\n\t\t\t\t\t<\/div>\n\t\t<\/div>\n\t\t\t\t\t\t\t<\/div>\n\t\t<\/section>\n\t\t\t\t\t<\/div>\n\t\t<\/div>\n\t\t\t\t\t\t\t<\/div>\n\t\t<\/section>\n\t\t\t\t<section class=\"elementor-section elementor-top-section elementor-element elementor-element-1775b87a elementor-section-height-min-height elementor-section-boxed elementor-section-height-default elementor-section-items-middle\" data-id=\"1775b87a\" data-element_type=\"section\" data-settings=\"{&quot;background_background&quot;:&quot;classic&quot;,&quot;sticky&quot;:&quot;bottom&quot;,&quot;sticky_on&quot;:[&quot;desktop&quot;,&quot;tablet&quot;,&quot;mobile&quot;],&quot;sticky_offset&quot;:0,&quot;sticky_effects_offset&quot;:0}\">\n\t\t\t\t\t\t<div class=\"elementor-container elementor-column-gap-default\">\n\t\t\t\t\t<div class=\"elementor-column elementor-col-100 elementor-top-column elementor-element elementor-element-5bc51dc0\" data-id=\"5bc51dc0\" data-element_type=\"column\">\n\t\t\t<div class=\"elementor-widget-wrap elementor-element-populated\">\n\t\t\t\t\t\t\t\t<div class=\"elementor-element elementor-element-1d20b6f6 elementor-widget__width-auto elementor-widget elementor-widget-image\" data-id=\"1d20b6f6\" data-element_type=\"widget\" data-widget_type=\"image.default\">\n\t\t\t\t<div class=\"elementor-widget-container\">\n\t\t\t\t\t\t\t\t\t\t\t\t\t\t\t\t<a href=\"https:\/\/www.facebook.com\/kedvenc\" target=\"_blank\">\n\t\t\t\t\t\t\t<img width=\"116\" height=\"116\" src=\"https:\/\/rejtvenyujsag.hu\/wp-content\/uploads\/facebook-red-icon-small.png\" class=\"attachment-full size-full\" alt=\"\" loading=\"lazy\" \/>\t\t\t\t\t\t\t\t<\/a>\n\t\t\t\t\t\t\t\t\t\t\t\t\t\t\t<\/div>\n\t\t\t\t<\/div>\n\t\t\t\t<div class=\"elementor-element elementor-element-22037394 elementor-widget__width-auto elementor-widget elementor-widget-image\" data-id=\"22037394\" data-element_type=\"widget\" data-widget_type=\"image.default\">\n\t\t\t\t<div class=\"elementor-widget-container\">\n\t\t\t\t\t\t\t\t\t\t\t\t\t\t\t\t<a href=\"https:\/\/www.kedvencwebaruhaz.hu\/\" target=\"_blank\">\n\t\t\t\t\t\t\t<img width=\"116\" height=\"116\" src=\"https:\/\/rejtvenyujsag.hu\/wp-content\/uploads\/webshop-red-icon-small.png\" class=\"attachment-full size-full\" alt=\"\" loading=\"lazy\" \/>\t\t\t\t\t\t\t\t<\/a>\n\t\t\t\t\t\t\t\t\t\t\t\t\t\t\t<\/div>\n\t\t\t\t<\/div>\n\t\t\t\t<div class=\"elementor-element elementor-element-2afe1960 elementor-widget__width-auto elementor-widget elementor-widget-image\" data-id=\"2afe1960\" data-element_type=\"widget\" data-widget_type=\"image.default\">\n\t\t\t\t<div class=\"elementor-widget-container\">\n\t\t\t\t\t\t\t\t\t\t\t\t\t\t\t\t<a href=\"https:\/\/netrejtveny.hu\/\" target=\"_blank\">\n\t\t\t\t\t\t\t<img width=\"116\" height=\"116\" src=\"https:\/\/rejtvenyujsag.hu\/wp-content\/uploads\/netrejtveny-red-icon-small.png\" class=\"attachment-full size-full\" alt=\"\" loading=\"lazy\" \/>\t\t\t\t\t\t\t\t<\/a>\n\t\t\t\t\t\t\t\t\t\t\t\t\t\t\t<\/div>\n\t\t\t\t<\/div>\n\t\t\t\t\t<\/div>\n\t\t<\/div>\n\t\t\t\t\t\t\t<\/div>\n\t\t<\/section>\n\t\t\t\t\t\t<\/div>\n\t\t\t\t\t<\/div>\n\t\t","protected":false},"excerpt":{"rendered":"<p>ASZF \u00e9s adatkezel\u00e9si szab\u00e1lyzat I. A www.rejtvenyujsag.hu online rejtv\u00e9nyfejt\u0151 port\u00e1l \u00fczemeltet\u0151j\u00e9nek (tov\u00e1bbiakban \u00dcZEMELTET\u0150) adatai C\u00e9gn\u00e9v: CsoSch Kft. \u2013 Csosch Lapszerkeszt\u0151 \u00e9s Rejtv\u00e9nyk\u00e9sz\u00edt\u0151 Korl\u00e1tolt Felel\u0151ss\u00e9g\u0171 T\u00e1rsas\u00e1g Sz\u00e9khely: 8000 Sz\u00e9kesfeh\u00e9rv\u00e1r, Erzs\u00e9bet u 34. Ad\u00f3sz\u00e1m: 26088701-2-07 C\u00e9gjegyz\u00e9ksz\u00e1m: 0709028120 C\u00e9gnyilv\u00e1ntart\u00e1sba vev\u0151 c\u00e9gb\u00edr\u00f3s\u00e1g: Sz\u00e9kesfeh\u00e9rv\u00e1ri T\u00f6rv\u00e9nysz\u00e9k C\u00e9gb\u00edr\u00f3s\u00e1ga Eur\u00f3pai Egyedi Azonos\u00edt\u00f3: HUOCCSZ.07-09-028120 Adatkezel\u00e9si nyilv\u00e1ntart\u00e1si sz\u00e1m: NAIH-84577\/2015 Szerz\u0151d\u00e9s nyelve: magyar El\u00e9rhet\u0151s\u00e9g: csosch@csosch.hu Telefon: [&hellip;]<\/p>\n","protected":false},"author":1,"featured_media":0,"parent":0,"menu_order":0,"comment_status":"closed","ping_status":"closed","template":"","meta":[],"_links":{"self":[{"href":"https:\/\/rejtvenyujsag.hu\/index.php?rest_route=\/wp\/v2\/pages\/3003"}],"collection":[{"href":"https:\/\/rejtvenyujsag.hu\/index.php?rest_route=\/wp\/v2\/pages"}],"about":[{"href":"https:\/\/rejtvenyujsag.hu\/index.php?rest_route=\/wp\/v2\/types\/page"}],"author":[{"embeddable":true,"href":"https:\/\/rejtvenyujsag.hu\/index.php?rest_route=\/wp\/v2\/users\/1"}],"replies":[{"embeddable":true,"href":"https:\/\/rejtvenyujsag.hu\/index.php?rest_route=%2Fwp%2Fv2%2Fcomments&post=3003"}],"version-history":[{"count":10,"href":"https:\/\/rejtvenyujsag.hu\/index.php?rest_route=\/wp\/v2\/pages\/3003\/revisions"}],"predecessor-version":[{"id":4016,"href":"https:\/\/rejtvenyujsag.hu\/index.php?rest_route=\/wp\/v2\/pages\/3003\/revisions\/4016"}],"wp:attachment":[{"href":"https:\/\/rejtvenyujsag.hu\/index.php?rest_route=%2Fwp%2Fv2%2Fmedia&parent=3003"}],"curies":[{"name":"wp","href":"https:\/\/api.w.org\/{rel}","templated":true}]}}